{"id":556,"date":"2019-04-21T06:38:28","date_gmt":"2019-04-21T06:38:28","guid":{"rendered":"http:\/\/demo.sparklewpthemes.com\/constructionlight\/?page_id=556"},"modified":"2024-08-22T20:52:42","modified_gmt":"2024-08-22T20:52:42","slug":"nuestros-servicios","status":"publish","type":"page","link":"https:\/\/levantamientosmx.com\/index.php\/nuestros-servicios\/","title":{"rendered":"Nuestros servicios"},"content":{"rendered":"\n\t\t\t\t<div id=\"pl-gb556-69e3776926482\"  class=\"panel-layout\" ><div id=\"pg-gb556-69e3776926482-0\"  class=\"panel-grid panel-no-style\" ><div id=\"pgc-gb556-69e3776926482-0-0\"  class=\"panel-grid-cell\" ><div id=\"panel-gb556-69e3776926482-0-0-0\" class=\"so-panel widget widget_construction_light_service panel-first-child panel-last-child\" data-index=\"0\" >            \r\n                <section class=\"cons_light_feature layout_one\">\r\n                    <div class=\"container\">\r\n\r\n                        \r\n                        <div class=\"row\">\r\n                                                            <div class=\"col-lg-4 col-md-4 col-sm-6 col-xs-12 feature-list\">\r\n                                    <div class=\"box\">\r\n                                        <figure>\r\n                                            <a href=\"https:\/\/levantamientosmx.com\/index.php\/house-construction\/\"><img fetchpriority=\"high\" decoding=\"async\" width=\"350\" height=\"280\" src=\"https:\/\/levantamientosmx.com\/wp-content\/uploads\/2018\/02\/cta-background-350x280.jpg\" class=\"attachment-construction-light-medium size-construction-light-medium wp-post-image\" alt=\"\" \/><\/a>\r\n                                        <\/figure>\r\n\r\n                                        <div class=\"bottom-content\">\r\n                                            <h3><a href=\"https:\/\/levantamientosmx.com\/index.php\/house-construction\/\">Levantamientos<\/a><\/h3>\r\n                                            <p>Los levantamientos son la base sobre la que construimos el \u00e9xito de cada proyecto. En EDLS, ofrecemos servicios de levantamiento topogr\u00e1fico y geod\u00e9sico con la&hellip;<\/p>\n                                                <a href=\"https:\/\/levantamientosmx.com\/index.php\/house-construction\/\" class=\"btn btn-primary\">Read More<i class=\"fas fa-arrow-right\"><\/i><\/a>\r\n                                                                                    <\/div>\r\n                                    <\/div>\r\n                                <\/div>\r\n                                                            <div class=\"col-lg-4 col-md-4 col-sm-6 col-xs-12 feature-list\">\r\n                                    <div class=\"box\">\r\n                                        <figure>\r\n                                            <a href=\"https:\/\/levantamientosmx.com\/index.php\/road-construction\/\"><img decoding=\"async\" width=\"350\" height=\"280\" src=\"https:\/\/levantamientosmx.com\/wp-content\/uploads\/2019\/04\/road-construction-192894_1280-350x280.jpg\" class=\"attachment-construction-light-medium size-construction-light-medium wp-post-image\" alt=\"\" \/><\/a>\r\n                                        <\/figure>\r\n\r\n                                        <div class=\"bottom-content\">\r\n                                            <h3><a href=\"https:\/\/levantamientosmx.com\/index.php\/road-construction\/\">Renta de maquinaria<\/a><\/h3>\r\n                                            <p>Ofrecemos soluciones flexibles y accesibles para todas tus necesidades de equipo y maquinaria en la construcci\u00f3n. Contamos con un amplio inventario de maquinaria moderna y&hellip;<\/p>\n                                                <a href=\"https:\/\/levantamientosmx.com\/index.php\/road-construction\/\" class=\"btn btn-primary\">Read More<i class=\"fas fa-arrow-right\"><\/i><\/a>\r\n                                                                                    <\/div>\r\n                                    <\/div>\r\n                                <\/div>\r\n                                                            <div class=\"col-lg-4 col-md-4 col-sm-6 col-xs-12 feature-list\">\r\n                                    <div class=\"box\">\r\n                                        <figure>\r\n                                            <a href=\"https:\/\/levantamientosmx.com\/index.php\/we-realize-your-dream\/\"><img decoding=\"async\" width=\"350\" height=\"280\" src=\"https:\/\/levantamientosmx.com\/wp-content\/uploads\/2019\/04\/man-3249460_1280-350x280.jpg\" class=\"attachment-construction-light-medium size-construction-light-medium wp-post-image\" alt=\"\" \/><\/a>\r\n                                        <\/figure>\r\n\r\n                                        <div class=\"bottom-content\">\r\n                                            <h3><a href=\"https:\/\/levantamientosmx.com\/index.php\/we-realize-your-dream\/\">Realizamos sus proyectos<\/a><\/h3>\r\n                                            <p>En EDLS, nuestra misi\u00f3n es hacer realidad sus ideas, transformando conceptos en construcciones tangibles que cumplen con los m\u00e1s altos est\u00e1ndares de calidad y seguridad.&hellip;<\/p>\n                                                <a href=\"https:\/\/levantamientosmx.com\/index.php\/we-realize-your-dream\/\" class=\"btn btn-primary\">Read More<i class=\"fas fa-arrow-right\"><\/i><\/a>\r\n                                                                                    <\/div>\r\n                                    <\/div>\r\n                                <\/div>\r\n                                                            <div class=\"col-lg-4 col-md-4 col-sm-6 col-xs-12 feature-list\">\r\n                                    <div class=\"box\">\r\n                                        <figure>\r\n                                            <a href=\"https:\/\/levantamientosmx.com\/index.php\/electrical-wiring\/\"><img loading=\"lazy\" decoding=\"async\" width=\"350\" height=\"280\" src=\"https:\/\/levantamientosmx.com\/wp-content\/uploads\/2018\/02\/service-nine-350x280.jpg\" class=\"attachment-construction-light-medium size-construction-light-medium wp-post-image\" alt=\"\" \/><\/a>\r\n                                        <\/figure>\r\n\r\n                                        <div class=\"bottom-content\">\r\n                                            <h3><a href=\"https:\/\/levantamientosmx.com\/index.php\/electrical-wiring\/\">Demoliciones<\/a><\/h3>\r\n                                            <p>En EDLS, las demoliciones son m\u00e1s que simplemente derribar estructuras; son el primer paso hacia nuevas oportunidades. Ofrecemos servicios de demolici\u00f3n controlada, seguros y eficientes,&hellip;<\/p>\n                                                <a href=\"https:\/\/levantamientosmx.com\/index.php\/electrical-wiring\/\" class=\"btn btn-primary\">Read More<i class=\"fas fa-arrow-right\"><\/i><\/a>\r\n                                                                                    <\/div>\r\n                                    <\/div>\r\n                                <\/div>\r\n                                                            <div class=\"col-lg-4 col-md-4 col-sm-6 col-xs-12 feature-list\">\r\n                                    <div class=\"box\">\r\n                                        <figure>\r\n                                            <a href=\"https:\/\/levantamientosmx.com\/index.php\/mantenimiento\/\"><img loading=\"lazy\" decoding=\"async\" width=\"350\" height=\"280\" src=\"https:\/\/levantamientosmx.com\/wp-content\/uploads\/2018\/02\/service-seven-350x280.jpg\" class=\"attachment-construction-light-medium size-construction-light-medium wp-post-image\" alt=\"\" \/><\/a>\r\n                                        <\/figure>\r\n\r\n                                        <div class=\"bottom-content\">\r\n                                            <h3><a href=\"https:\/\/levantamientosmx.com\/index.php\/mantenimiento\/\">Mantenimiento<\/a><\/h3>\r\n                                            <p>Entendemos que el mantenimiento proactivo es clave para asegurar la longevidad y el rendimiento \u00f3ptimo de tus instalaciones y equipos. Ofrecemos servicios de mantenimiento integral&hellip;<\/p>\n                                                <a href=\"https:\/\/levantamientosmx.com\/index.php\/mantenimiento\/\" class=\"btn btn-primary\">Read More<i class=\"fas fa-arrow-right\"><\/i><\/a>\r\n                                                                                    <\/div>\r\n                                    <\/div>\r\n                                <\/div>\r\n                                                            <div class=\"col-lg-4 col-md-4 col-sm-6 col-xs-12 feature-list\">\r\n                                    <div class=\"box\">\r\n                                        <figure>\r\n                                            <a href=\"https:\/\/levantamientosmx.com\/index.php\/diseno-arquitectonico\/\"><img loading=\"lazy\" decoding=\"async\" width=\"350\" height=\"280\" src=\"https:\/\/levantamientosmx.com\/wp-content\/uploads\/2018\/02\/service-five-350x280.jpg\" class=\"attachment-construction-light-medium size-construction-light-medium wp-post-image\" alt=\"\" \/><\/a>\r\n                                        <\/figure>\r\n\r\n                                        <div class=\"bottom-content\">\r\n                                            <h3><a href=\"https:\/\/levantamientosmx.com\/index.php\/diseno-arquitectonico\/\">Dise\u00f1o Arquitect\u00f3nico<\/a><\/h3>\r\n                                            <p>El dise\u00f1o arquitect\u00f3nico es m\u00e1s que crear planos; es la combinaci\u00f3n de creatividad, funcionalidad y sostenibilidad. Nos especializamos en transformar tus ideas en espacios innovadores&hellip;<\/p>\n                                                <a href=\"https:\/\/levantamientosmx.com\/index.php\/diseno-arquitectonico\/\" class=\"btn btn-primary\">Read More<i class=\"fas fa-arrow-right\"><\/i><\/a>\r\n                                                                                    <\/div>\r\n                                    <\/div>\r\n                                <\/div>\r\n                                                    <\/div>\r\n                    <\/div>\r\n                <\/section>\r\n            <\/div><\/div><\/div><\/div>\t\t","protected":false},"excerpt":{"rendered":"","protected":false},"author":1,"featured_media":200,"parent":0,"menu_order":0,"comment_status":"closed","ping_status":"closed","template":"template-pagebuilder.php","meta":{"footnotes":""},"class_list":["post-556","page","type-page","status-publish","has-post-thumbnail","hentry"],"_links":{"self":[{"href":"https:\/\/levantamientosmx.com\/index.php\/wp-json\/wp\/v2\/pages\/556","targetHints":{"allow":["GET"]}}],"collection":[{"href":"https:\/\/levantamientosmx.com\/index.php\/wp-json\/wp\/v2\/pages"}],"about":[{"href":"https:\/\/levantamientosmx.com\/index.php\/wp-json\/wp\/v2\/types\/page"}],"author":[{"embeddable":true,"href":"https:\/\/levantamientosmx.com\/index.php\/wp-json\/wp\/v2\/users\/1"}],"replies":[{"embeddable":true,"href":"https:\/\/levantamientosmx.com\/index.php\/wp-json\/wp\/v2\/comments?post=556"}],"version-history":[{"count":1,"href":"https:\/\/levantamientosmx.com\/index.php\/wp-json\/wp\/v2\/pages\/556\/revisions"}],"predecessor-version":[{"id":739,"href":"https:\/\/levantamientosmx.com\/index.php\/wp-json\/wp\/v2\/pages\/556\/revisions\/739"}],"wp:featuredmedia":[{"embeddable":true,"href":"https:\/\/levantamientosmx.com\/index.php\/wp-json\/wp\/v2\/media\/200"}],"wp:attachment":[{"href":"https:\/\/levantamientosmx.com\/index.php\/wp-json\/wp\/v2\/media?parent=556"}],"curies":[{"name":"wp","href":"https:\/\/api.w.org\/{rel}","templated":true}]}}