{"id":468,"date":"2019-04-19T11:22:48","date_gmt":"2019-04-19T11:22:48","guid":{"rendered":"http:\/\/demo.sparklewpthemes.com\/constructionlight\/?page_id=468"},"modified":"2024-08-22T20:33:24","modified_gmt":"2024-08-22T20:33:24","slug":"jason-matt","status":"publish","type":"page","link":"https:\/\/levantamientosmx.com\/index.php\/jason-matt\/","title":{"rendered":"Proveedor"},"content":{"rendered":"\n<p>\u00abColaborar con <strong>EDLS<\/strong> ha sido una experiencia excelente. Su enfoque en la calidad y su compromiso con la excelencia se reflejan en cada proyecto. La comunicaci\u00f3n ha sido siempre clara y efectiva, lo que ha facilitado una relaci\u00f3n de trabajo s\u00f3lida y productiva. Nos sentimos valorados como socios y estamos orgullosos de ser parte de su cadena de suministro. Sabemos que, juntos, estamos entregando lo mejor a sus clientes.\u00bb<\/p>\n","protected":false},"excerpt":{"rendered":"<p>\u00abColaborar con EDLS ha sido una experiencia excelente. Su enfoque en la calidad y su compromiso con la excelencia se reflejan en cada proyecto. La&hellip;<\/p>\n","protected":false},"author":1,"featured_media":79,"parent":0,"menu_order":0,"comment_status":"closed","ping_status":"closed","template":"","meta":{"footnotes":""},"class_list":["post-468","page","type-page","status-publish","has-post-thumbnail","hentry"],"_links":{"self":[{"href":"https:\/\/levantamientosmx.com\/index.php\/wp-json\/wp\/v2\/pages\/468","targetHints":{"allow":["GET"]}}],"collection":[{"href":"https:\/\/levantamientosmx.com\/index.php\/wp-json\/wp\/v2\/pages"}],"about":[{"href":"https:\/\/levantamientosmx.com\/index.php\/wp-json\/wp\/v2\/types\/page"}],"author":[{"embeddable":true,"href":"https:\/\/levantamientosmx.com\/index.php\/wp-json\/wp\/v2\/users\/1"}],"replies":[{"embeddable":true,"href":"https:\/\/levantamientosmx.com\/index.php\/wp-json\/wp\/v2\/comments?post=468"}],"version-history":[{"count":1,"href":"https:\/\/levantamientosmx.com\/index.php\/wp-json\/wp\/v2\/pages\/468\/revisions"}],"predecessor-version":[{"id":728,"href":"https:\/\/levantamientosmx.com\/index.php\/wp-json\/wp\/v2\/pages\/468\/revisions\/728"}],"wp:featuredmedia":[{"embeddable":true,"href":"https:\/\/levantamientosmx.com\/index.php\/wp-json\/wp\/v2\/media\/79"}],"wp:attachment":[{"href":"https:\/\/levantamientosmx.com\/index.php\/wp-json\/wp\/v2\/media?parent=468"}],"curies":[{"name":"wp","href":"https:\/\/api.w.org\/{rel}","templated":true}]}}