{"id":460,"date":"2019-04-19T11:19:42","date_gmt":"2019-04-19T11:19:42","guid":{"rendered":"http:\/\/demo.sparklewpthemes.com\/constructionlight\/?page_id=460"},"modified":"2024-08-22T20:31:16","modified_gmt":"2024-08-22T20:31:16","slug":"rita-legend","status":"publish","type":"page","link":"https:\/\/levantamientosmx.com\/index.php\/rita-legend\/","title":{"rendered":"Consultor Inmobiliario"},"content":{"rendered":"\n<p>\u00abTrabajar con <strong>EDLS<\/strong> ha sido una experiencia excepcional. Su conocimiento del mercado, combinado con su atenci\u00f3n al detalle y su compromiso con mis necesidades, hizo que el proceso de compra fuera fluido y sin estr\u00e9s. Siempre estuvo disponible para responder a mis preguntas y me gui\u00f3 en cada paso, asegurando que tomara decisiones informadas. Gracias a su profesionalismo y dedicaci\u00f3n, encontr\u00e9 la propiedad perfecta. No podr\u00eda estar m\u00e1s satisfecho con el resultado.\u00bb<\/p>\n","protected":false},"excerpt":{"rendered":"<p>\u00abTrabajar con EDLS ha sido una experiencia excepcional. Su conocimiento del mercado, combinado con su atenci\u00f3n al detalle y su compromiso con mis necesidades, hizo&hellip;<\/p>\n","protected":false},"author":1,"featured_media":76,"parent":0,"menu_order":0,"comment_status":"closed","ping_status":"closed","template":"","meta":{"footnotes":""},"class_list":["post-460","page","type-page","status-publish","has-post-thumbnail","hentry"],"_links":{"self":[{"href":"https:\/\/levantamientosmx.com\/index.php\/wp-json\/wp\/v2\/pages\/460","targetHints":{"allow":["GET"]}}],"collection":[{"href":"https:\/\/levantamientosmx.com\/index.php\/wp-json\/wp\/v2\/pages"}],"about":[{"href":"https:\/\/levantamientosmx.com\/index.php\/wp-json\/wp\/v2\/types\/page"}],"author":[{"embeddable":true,"href":"https:\/\/levantamientosmx.com\/index.php\/wp-json\/wp\/v2\/users\/1"}],"replies":[{"embeddable":true,"href":"https:\/\/levantamientosmx.com\/index.php\/wp-json\/wp\/v2\/comments?post=460"}],"version-history":[{"count":1,"href":"https:\/\/levantamientosmx.com\/index.php\/wp-json\/wp\/v2\/pages\/460\/revisions"}],"predecessor-version":[{"id":726,"href":"https:\/\/levantamientosmx.com\/index.php\/wp-json\/wp\/v2\/pages\/460\/revisions\/726"}],"wp:featuredmedia":[{"embeddable":true,"href":"https:\/\/levantamientosmx.com\/index.php\/wp-json\/wp\/v2\/media\/76"}],"wp:attachment":[{"href":"https:\/\/levantamientosmx.com\/index.php\/wp-json\/wp\/v2\/media?parent=460"}],"curies":[{"name":"wp","href":"https:\/\/api.w.org\/{rel}","templated":true}]}}