{"id":456,"date":"2019-04-19T11:18:06","date_gmt":"2019-04-19T11:18:06","guid":{"rendered":"http:\/\/demo.sparklewpthemes.com\/constructionlight\/?page_id=456"},"modified":"2024-08-22T20:35:07","modified_gmt":"2024-08-22T20:35:07","slug":"jasmine-obama","status":"publish","type":"page","link":"https:\/\/levantamientosmx.com\/index.php\/jasmine-obama\/","title":{"rendered":"Encargada de obra"},"content":{"rendered":"\n<p>Su equipo de trabajo es altamente profesional y siempre est\u00e1n dispuestos a colaborar para asegurar que cada fase de la construcci\u00f3n se desarrolle sin contratiempos. Valoro su compromiso con la calidad y la seguridad en la obra, as\u00ed como su capacidad para cumplir con los plazos establecidos. Gracias a su dedicaci\u00f3n y experiencia, hemos logrado ejecutar proyectos complejos de manera eficiente y con resultados que superan las expectativas.\u00bb<\/p>\n","protected":false},"excerpt":{"rendered":"<p>Su equipo de trabajo es altamente profesional y siempre est\u00e1n dispuestos a colaborar para asegurar que cada fase de la construcci\u00f3n se desarrolle sin contratiempos.&hellip;<\/p>\n","protected":false},"author":1,"featured_media":85,"parent":0,"menu_order":0,"comment_status":"closed","ping_status":"closed","template":"","meta":{"footnotes":""},"class_list":["post-456","page","type-page","status-publish","has-post-thumbnail","hentry"],"_links":{"self":[{"href":"https:\/\/levantamientosmx.com\/index.php\/wp-json\/wp\/v2\/pages\/456","targetHints":{"allow":["GET"]}}],"collection":[{"href":"https:\/\/levantamientosmx.com\/index.php\/wp-json\/wp\/v2\/pages"}],"about":[{"href":"https:\/\/levantamientosmx.com\/index.php\/wp-json\/wp\/v2\/types\/page"}],"author":[{"embeddable":true,"href":"https:\/\/levantamientosmx.com\/index.php\/wp-json\/wp\/v2\/users\/1"}],"replies":[{"embeddable":true,"href":"https:\/\/levantamientosmx.com\/index.php\/wp-json\/wp\/v2\/comments?post=456"}],"version-history":[{"count":1,"href":"https:\/\/levantamientosmx.com\/index.php\/wp-json\/wp\/v2\/pages\/456\/revisions"}],"predecessor-version":[{"id":729,"href":"https:\/\/levantamientosmx.com\/index.php\/wp-json\/wp\/v2\/pages\/456\/revisions\/729"}],"wp:featuredmedia":[{"embeddable":true,"href":"https:\/\/levantamientosmx.com\/index.php\/wp-json\/wp\/v2\/media\/85"}],"wp:attachment":[{"href":"https:\/\/levantamientosmx.com\/index.php\/wp-json\/wp\/v2\/media?parent=456"}],"curies":[{"name":"wp","href":"https:\/\/api.w.org\/{rel}","templated":true}]}}