{"id":416,"date":"2019-04-19T07:05:14","date_gmt":"2019-04-19T07:05:14","guid":{"rendered":"http:\/\/demo.sparklewpthemes.com\/constructionlight\/?page_id=416"},"modified":"2024-08-22T21:13:18","modified_gmt":"2024-08-22T21:13:18","slug":"we-realize-your-dream","status":"publish","type":"page","link":"https:\/\/levantamientosmx.com\/index.php\/we-realize-your-dream\/","title":{"rendered":"Realizamos sus proyectos"},"content":{"rendered":"\n<p>En <strong>EDLS<\/strong>, nuestra misi\u00f3n es hacer realidad sus ideas, transformando conceptos en construcciones tangibles que cumplen con los m\u00e1s altos est\u00e1ndares de calidad y seguridad. Desde la planificaci\u00f3n inicial hasta la entrega final, nos comprometemos a estar a su lado en cada etapa del proceso, asegurando que cada detalle se ejecute con precisi\u00f3n.<\/p>\n\n\n\n<p>Nuestro equipo de profesionales experimentados trabaja estrechamente con usted para comprender sus necesidades y expectativas, ofreciendo soluciones personalizadas que se adaptan a sus objetivos. Con una combinaci\u00f3n de experiencia, innovaci\u00f3n y dedicaci\u00f3n, llevamos sus proyectos m\u00e1s all\u00e1 de lo esperado, garantizando resultados que perduran en el tiempo.<\/p>\n\n\n\n<p>Conf\u00ede en nosotros para realizar sus proyectos con la excelencia y el compromiso que nos caracterizan.<\/p>\n","protected":false},"excerpt":{"rendered":"<p>En EDLS, nuestra misi\u00f3n es hacer realidad sus ideas, transformando conceptos en construcciones tangibles que cumplen con los m\u00e1s altos est\u00e1ndares de calidad y seguridad.&hellip;<\/p>\n","protected":false},"author":1,"featured_media":417,"parent":0,"menu_order":0,"comment_status":"closed","ping_status":"closed","template":"","meta":{"footnotes":""},"class_list":["post-416","page","type-page","status-publish","has-post-thumbnail","hentry"],"_links":{"self":[{"href":"https:\/\/levantamientosmx.com\/index.php\/wp-json\/wp\/v2\/pages\/416","targetHints":{"allow":["GET"]}}],"collection":[{"href":"https:\/\/levantamientosmx.com\/index.php\/wp-json\/wp\/v2\/pages"}],"about":[{"href":"https:\/\/levantamientosmx.com\/index.php\/wp-json\/wp\/v2\/types\/page"}],"author":[{"embeddable":true,"href":"https:\/\/levantamientosmx.com\/index.php\/wp-json\/wp\/v2\/users\/1"}],"replies":[{"embeddable":true,"href":"https:\/\/levantamientosmx.com\/index.php\/wp-json\/wp\/v2\/comments?post=416"}],"version-history":[{"count":4,"href":"https:\/\/levantamientosmx.com\/index.php\/wp-json\/wp\/v2\/pages\/416\/revisions"}],"predecessor-version":[{"id":748,"href":"https:\/\/levantamientosmx.com\/index.php\/wp-json\/wp\/v2\/pages\/416\/revisions\/748"}],"wp:featuredmedia":[{"embeddable":true,"href":"https:\/\/levantamientosmx.com\/index.php\/wp-json\/wp\/v2\/media\/417"}],"wp:attachment":[{"href":"https:\/\/levantamientosmx.com\/index.php\/wp-json\/wp\/v2\/media?parent=416"}],"curies":[{"name":"wp","href":"https:\/\/api.w.org\/{rel}","templated":true}]}}