{"id":412,"date":"2019-04-19T06:56:49","date_gmt":"2019-04-19T06:56:49","guid":{"rendered":"http:\/\/demo.sparklewpthemes.com\/constructionlight\/?page_id=412"},"modified":"2024-08-22T20:42:13","modified_gmt":"2024-08-22T20:42:13","slug":"house-construction","status":"publish","type":"page","link":"https:\/\/levantamientosmx.com\/index.php\/house-construction\/","title":{"rendered":"Levantamientos"},"content":{"rendered":"\n<p>Los levantamientos son la base sobre la que construimos el \u00e9xito de cada proyecto. En <strong>EDLS<\/strong>, ofrecemos servicios de levantamiento topogr\u00e1fico y geod\u00e9sico con la precisi\u00f3n que demanda la industria. <\/p>\n\n\n\n<p>Utilizamos tecnolog\u00eda de vanguardia para capturar datos exactos y detallados, asegurando que cada fase del proyecto est\u00e9 fundamentada en informaci\u00f3n precisa. Desde el an\u00e1lisis inicial del terreno hasta el monitoreo continuo durante la construcci\u00f3n, nuestros levantamientos proporcionan la informaci\u00f3n cr\u00edtica necesaria para un desarrollo eficiente y seguro.<\/p>\n","protected":false},"excerpt":{"rendered":"<p>Los levantamientos son la base sobre la que construimos el \u00e9xito de cada proyecto. En EDLS, ofrecemos servicios de levantamiento topogr\u00e1fico y geod\u00e9sico con la&hellip;<\/p>\n","protected":false},"author":1,"featured_media":137,"parent":0,"menu_order":0,"comment_status":"closed","ping_status":"closed","template":"","meta":{"footnotes":""},"class_list":["post-412","page","type-page","status-publish","has-post-thumbnail","hentry"],"_links":{"self":[{"href":"https:\/\/levantamientosmx.com\/index.php\/wp-json\/wp\/v2\/pages\/412","targetHints":{"allow":["GET"]}}],"collection":[{"href":"https:\/\/levantamientosmx.com\/index.php\/wp-json\/wp\/v2\/pages"}],"about":[{"href":"https:\/\/levantamientosmx.com\/index.php\/wp-json\/wp\/v2\/types\/page"}],"author":[{"embeddable":true,"href":"https:\/\/levantamientosmx.com\/index.php\/wp-json\/wp\/v2\/users\/1"}],"replies":[{"embeddable":true,"href":"https:\/\/levantamientosmx.com\/index.php\/wp-json\/wp\/v2\/comments?post=412"}],"version-history":[{"count":1,"href":"https:\/\/levantamientosmx.com\/index.php\/wp-json\/wp\/v2\/pages\/412\/revisions"}],"predecessor-version":[{"id":734,"href":"https:\/\/levantamientosmx.com\/index.php\/wp-json\/wp\/v2\/pages\/412\/revisions\/734"}],"wp:featuredmedia":[{"embeddable":true,"href":"https:\/\/levantamientosmx.com\/index.php\/wp-json\/wp\/v2\/media\/137"}],"wp:attachment":[{"href":"https:\/\/levantamientosmx.com\/index.php\/wp-json\/wp\/v2\/media?parent=412"}],"curies":[{"name":"wp","href":"https:\/\/api.w.org\/{rel}","templated":true}]}}