{"id":390,"date":"2019-04-19T05:32:48","date_gmt":"2019-04-19T05:32:48","guid":{"rendered":"http:\/\/demo.sparklewpthemes.com\/constructionlight\/?page_id=390"},"modified":"2024-08-22T21:33:46","modified_gmt":"2024-08-22T21:33:46","slug":"diseno-arquitectonico","status":"publish","type":"page","link":"https:\/\/levantamientosmx.com\/index.php\/diseno-arquitectonico\/","title":{"rendered":"Dise\u00f1o Arquitect\u00f3nico"},"content":{"rendered":"\n<p>El dise\u00f1o arquitect\u00f3nico es m\u00e1s que crear planos; es la combinaci\u00f3n de creatividad, funcionalidad y sostenibilidad. Nos especializamos en transformar tus ideas en espacios innovadores y est\u00e9ticamente impactantes, que no solo cumplen con tus necesidades, sino que tambi\u00e9n reflejan tu visi\u00f3n y estilo.<\/p>\n\n\n\n<p>Nuestro equipo de arquitectos y dise\u00f1adores trabaja en estrecha colaboraci\u00f3n contigo desde el concepto inicial hasta los detalles finales, asegurando que cada aspecto del proyecto se alinee con tus objetivos. Utilizamos tecnolog\u00eda avanzada y una profunda comprensi\u00f3n de las tendencias actuales para crear dise\u00f1os que sean tanto pr\u00e1cticos como atemporales.<\/p>\n\n\n\n<p>Ya sea para proyectos residenciales, comerciales o industriales, nuestro enfoque personalizado garantiza que cada espacio no solo sea funcional y eficiente, sino tambi\u00e9n inspirador. Con [Nombre de la Empresa], tu proyecto arquitect\u00f3nico estar\u00e1 en manos de expertos comprometidos en crear estructuras que se destaquen por su belleza y durabilidad.<\/p>\n","protected":false},"excerpt":{"rendered":"<p>El dise\u00f1o arquitect\u00f3nico es m\u00e1s que crear planos; es la combinaci\u00f3n de creatividad, funcionalidad y sostenibilidad. Nos especializamos en transformar tus ideas en espacios innovadores&hellip;<\/p>\n","protected":false},"author":1,"featured_media":36,"parent":0,"menu_order":0,"comment_status":"closed","ping_status":"closed","template":"","meta":{"footnotes":""},"class_list":["post-390","page","type-page","status-publish","has-post-thumbnail","hentry"],"_links":{"self":[{"href":"https:\/\/levantamientosmx.com\/index.php\/wp-json\/wp\/v2\/pages\/390","targetHints":{"allow":["GET"]}}],"collection":[{"href":"https:\/\/levantamientosmx.com\/index.php\/wp-json\/wp\/v2\/pages"}],"about":[{"href":"https:\/\/levantamientosmx.com\/index.php\/wp-json\/wp\/v2\/types\/page"}],"author":[{"embeddable":true,"href":"https:\/\/levantamientosmx.com\/index.php\/wp-json\/wp\/v2\/users\/1"}],"replies":[{"embeddable":true,"href":"https:\/\/levantamientosmx.com\/index.php\/wp-json\/wp\/v2\/comments?post=390"}],"version-history":[{"count":2,"href":"https:\/\/levantamientosmx.com\/index.php\/wp-json\/wp\/v2\/pages\/390\/revisions"}],"predecessor-version":[{"id":757,"href":"https:\/\/levantamientosmx.com\/index.php\/wp-json\/wp\/v2\/pages\/390\/revisions\/757"}],"wp:featuredmedia":[{"embeddable":true,"href":"https:\/\/levantamientosmx.com\/index.php\/wp-json\/wp\/v2\/media\/36"}],"wp:attachment":[{"href":"https:\/\/levantamientosmx.com\/index.php\/wp-json\/wp\/v2\/media?parent=390"}],"curies":[{"name":"wp","href":"https:\/\/api.w.org\/{rel}","templated":true}]}}