{"id":383,"date":"2019-04-19T05:27:39","date_gmt":"2019-04-19T05:27:39","guid":{"rendered":"http:\/\/demo.sparklewpthemes.com\/constructionlight\/?page_id=383"},"modified":"2024-08-22T21:33:09","modified_gmt":"2024-08-22T21:33:09","slug":"mantenimiento","status":"publish","type":"page","link":"https:\/\/levantamientosmx.com\/index.php\/mantenimiento\/","title":{"rendered":"Mantenimiento"},"content":{"rendered":"\n<p>Entendemos que el mantenimiento proactivo es clave para asegurar la longevidad y el rendimiento \u00f3ptimo de tus instalaciones y equipos. Ofrecemos servicios de mantenimiento integral que abarcan desde revisiones peri\u00f3dicas hasta reparaciones y actualizaciones, garantizando que cada componente de tu proyecto se mantenga en excelente estado.<\/p>\n\n\n\n<p>Nuestro equipo de t\u00e9cnicos altamente capacitados y experimentados trabaja con precisi\u00f3n para identificar y solucionar problemas antes de que se conviertan en inconvenientes mayores. Utilizamos herramientas y t\u00e9cnicas avanzadas para realizar mantenimientos preventivos y correctivos que minimicen el tiempo de inactividad y maximicen la eficiencia operativa.<\/p>\n\n\n\n<p>Conf\u00eda en <strong>EDLS<\/strong> para mantener tus instalaciones en perfecto estado, asegurando su funcionamiento continuo y prolongando su vida \u00fatil. Con nosotros, obtienes la tranquilidad de saber que tu inversi\u00f3n est\u00e1 bien cuidada.<\/p>\n","protected":false},"excerpt":{"rendered":"<p>Entendemos que el mantenimiento proactivo es clave para asegurar la longevidad y el rendimiento \u00f3ptimo de tus instalaciones y equipos. Ofrecemos servicios de mantenimiento integral&hellip;<\/p>\n","protected":false},"author":1,"featured_media":165,"parent":0,"menu_order":0,"comment_status":"closed","ping_status":"closed","template":"","meta":{"footnotes":""},"class_list":["post-383","page","type-page","status-publish","has-post-thumbnail","hentry"],"_links":{"self":[{"href":"https:\/\/levantamientosmx.com\/index.php\/wp-json\/wp\/v2\/pages\/383","targetHints":{"allow":["GET"]}}],"collection":[{"href":"https:\/\/levantamientosmx.com\/index.php\/wp-json\/wp\/v2\/pages"}],"about":[{"href":"https:\/\/levantamientosmx.com\/index.php\/wp-json\/wp\/v2\/types\/page"}],"author":[{"embeddable":true,"href":"https:\/\/levantamientosmx.com\/index.php\/wp-json\/wp\/v2\/users\/1"}],"replies":[{"embeddable":true,"href":"https:\/\/levantamientosmx.com\/index.php\/wp-json\/wp\/v2\/comments?post=383"}],"version-history":[{"count":2,"href":"https:\/\/levantamientosmx.com\/index.php\/wp-json\/wp\/v2\/pages\/383\/revisions"}],"predecessor-version":[{"id":760,"href":"https:\/\/levantamientosmx.com\/index.php\/wp-json\/wp\/v2\/pages\/383\/revisions\/760"}],"wp:featuredmedia":[{"embeddable":true,"href":"https:\/\/levantamientosmx.com\/index.php\/wp-json\/wp\/v2\/media\/165"}],"wp:attachment":[{"href":"https:\/\/levantamientosmx.com\/index.php\/wp-json\/wp\/v2\/media?parent=383"}],"curies":[{"name":"wp","href":"https:\/\/api.w.org\/{rel}","templated":true}]}}