{"id":126,"date":"2018-02-27T07:51:08","date_gmt":"2018-02-27T07:51:08","guid":{"rendered":"http:\/\/offshorethemes.com\/demo\/sparkconstruction\/?page_id=126"},"modified":"2024-08-22T20:37:52","modified_gmt":"2024-08-22T20:37:52","slug":"electrical-wiring","status":"publish","type":"page","link":"https:\/\/levantamientosmx.com\/index.php\/electrical-wiring\/","title":{"rendered":"Demoliciones"},"content":{"rendered":"\n<p>En <strong>EDLS<\/strong>, las demoliciones son m\u00e1s que simplemente derribar estructuras; son el primer paso hacia nuevas oportunidades. Ofrecemos servicios de demolici\u00f3n controlada, seguros y eficientes, tanto para proyectos comerciales como industriales. Nuestro equipo especializado utiliza tecnolog\u00eda avanzada y sigue estrictos protocolos de seguridad para garantizar que cada demolici\u00f3n se realice con precisi\u00f3n y m\u00ednimo impacto en el entorno. Conf\u00eda en nosotros para manejar los desaf\u00edos m\u00e1s complejos y preparar el terreno para tu pr\u00f3ximo gran proyecto.<\/p>\n","protected":false},"excerpt":{"rendered":"<p>En EDLS, las demoliciones son m\u00e1s que simplemente derribar estructuras; son el primer paso hacia nuevas oportunidades. Ofrecemos servicios de demolici\u00f3n controlada, seguros y eficientes,&hellip;<\/p>\n","protected":false},"author":1,"featured_media":164,"parent":0,"menu_order":0,"comment_status":"closed","ping_status":"closed","template":"","meta":{"footnotes":""},"class_list":["post-126","page","type-page","status-publish","has-post-thumbnail","hentry"],"_links":{"self":[{"href":"https:\/\/levantamientosmx.com\/index.php\/wp-json\/wp\/v2\/pages\/126","targetHints":{"allow":["GET"]}}],"collection":[{"href":"https:\/\/levantamientosmx.com\/index.php\/wp-json\/wp\/v2\/pages"}],"about":[{"href":"https:\/\/levantamientosmx.com\/index.php\/wp-json\/wp\/v2\/types\/page"}],"author":[{"embeddable":true,"href":"https:\/\/levantamientosmx.com\/index.php\/wp-json\/wp\/v2\/users\/1"}],"replies":[{"embeddable":true,"href":"https:\/\/levantamientosmx.com\/index.php\/wp-json\/wp\/v2\/comments?post=126"}],"version-history":[{"count":1,"href":"https:\/\/levantamientosmx.com\/index.php\/wp-json\/wp\/v2\/pages\/126\/revisions"}],"predecessor-version":[{"id":731,"href":"https:\/\/levantamientosmx.com\/index.php\/wp-json\/wp\/v2\/pages\/126\/revisions\/731"}],"wp:featuredmedia":[{"embeddable":true,"href":"https:\/\/levantamientosmx.com\/index.php\/wp-json\/wp\/v2\/media\/164"}],"wp:attachment":[{"href":"https:\/\/levantamientosmx.com\/index.php\/wp-json\/wp\/v2\/media?parent=126"}],"curies":[{"name":"wp","href":"https:\/\/api.w.org\/{rel}","templated":true}]}}